{"id":15,"date":"2024-05-16T20:17:52","date_gmt":"2024-05-16T18:17:52","guid":{"rendered":"http:\/\/www.assistenzatemplare.org\/?page_id=15"},"modified":"2024-06-19T12:03:40","modified_gmt":"2024-06-19T10:03:40","slug":"servizi","status":"publish","type":"page","link":"https:\/\/www.assistenzatemplare.org\/?page_id=15","title":{"rendered":"Servizi"},"content":{"rendered":"\n<p class=\"has-text-align-center has-large-font-size\"><strong>Il Corpo di Pubblica Assistenza Templare Federiciano \u00e8 un Ente di Volontariato che opera nel campo sanitario e sociale e di Protezione Civile<\/strong><\/p>\n\n\n\n<p class=\"has-medium-font-size\">L&#8217;associazione \u00e8 da tempo protagonista nei comuni in cui svolge la propria attivit\u00e0, interpretando un importante ruolo di aggregazione, aiuto e sostegno per la cittadinanza e le istituzioni.<br>L&#8217;assistenza socio &#8211; sanitaria volta ad offrire al cittadino sollievo con interventi tempestivi ed efficaci quali il Servizio Emergenza 118, il trasporto di diversamente abili, l&#8217;accompagnamento degli anziani, i ricoveri e dimissioni, etc., \u00e8 la nostra principale attivit\u00e0 di servizio che svolgiamo attraverso le nostre sedi ed attrezzature<\/p>\n\n\n\n<p class=\"has-text-align-center has-medium-font-size\"><strong>L\u2019attivit\u00e0 principale che noi volontari svolgiamo sul territorio \u00e8 quella del soccorso , emergenza sanitaria (118 Sicilia) e trasporto sanitario non a carattere di urgenza. Protezione Civile Operiamo sul territorio siciliano .<\/strong><\/p>\n\n\n\n<h2 class=\"wp-block-heading\">Trasporti in ambulanza<\/h2>\n\n\n\n<div class=\"wp-block-columns is-layout-flex wp-container-core-columns-is-layout-1 wp-block-columns-is-layout-flex\">\n<div class=\"wp-block-column is-layout-flow wp-block-column-is-layout-flow\" style=\"flex-basis:33.33%\">\n<figure class=\"wp-block-image size-full\"><img loading=\"lazy\" decoding=\"async\" width=\"1024\" height=\"646\" src=\"http:\/\/www.assistenzatemplare.org\/wp-content\/uploads\/2024\/05\/Ambulanze_a_servizio_Suem-da-ASP-Catanzaro-nov.2023_ede39_5f161.jpg\" alt=\"\" class=\"wp-image-46\" style=\"aspect-ratio:1;object-fit:cover\" srcset=\"https:\/\/www.assistenzatemplare.org\/wp-content\/uploads\/2024\/05\/Ambulanze_a_servizio_Suem-da-ASP-Catanzaro-nov.2023_ede39_5f161.jpg 1024w, https:\/\/www.assistenzatemplare.org\/wp-content\/uploads\/2024\/05\/Ambulanze_a_servizio_Suem-da-ASP-Catanzaro-nov.2023_ede39_5f161-300x189.jpg 300w, https:\/\/www.assistenzatemplare.org\/wp-content\/uploads\/2024\/05\/Ambulanze_a_servizio_Suem-da-ASP-Catanzaro-nov.2023_ede39_5f161-768x485.jpg 768w, https:\/\/www.assistenzatemplare.org\/wp-content\/uploads\/2024\/05\/Ambulanze_a_servizio_Suem-da-ASP-Catanzaro-nov.2023_ede39_5f161-95x60.jpg 95w\" sizes=\"(max-width: 706px) 89vw, (max-width: 767px) 82vw, 740px\" \/><\/figure>\n<\/div>\n\n\n\n<div class=\"wp-block-column is-layout-flow wp-block-column-is-layout-flow\" style=\"flex-basis:66.66%\">\n<h2 class=\"wp-block-heading\">Trasporti urgenti<\/h2>\n\n\n\n<ul>\n<li><strong>Trasporti Urgenti <\/strong>(nel caso, ad esempio, di incidenti, malore o cadute) finalizzati al primo soccorso e al trasporto del paziente, nel miglior modo possibile, verso la struttura ospedaliera;<\/li>\n\n\n\n<li><strong>Trasporti Urgenti<\/strong> svolti in collaborazione col personale medico specializzato, in cui il volontario effettua il trasporto coordinato dal personale medico.<\/li>\n\n\n\n<li><strong>Trasporti d&#8217;istituto <\/strong>nel caso di trasporto da\/tra presidi ospedalieri e da\/verso abitazione a carattere non urgente.<\/li>\n<\/ul>\n<\/div>\n<\/div>\n\n\n\n<hr class=\"wp-block-separator has-alpha-channel-opacity is-style-wide\"\/>\n\n\n\n<h2 class=\"wp-block-heading\">Trasporti sanitari\/sociali<\/h2>\n\n\n\n<div class=\"wp-block-columns is-layout-flex wp-container-core-columns-is-layout-2 wp-block-columns-is-layout-flex\">\n<div class=\"wp-block-column is-layout-flow wp-block-column-is-layout-flow\" style=\"flex-basis:33.33%\">\n<figure class=\"wp-block-image size-full\"><img loading=\"lazy\" decoding=\"async\" width=\"1024\" height=\"646\" src=\"http:\/\/www.assistenzatemplare.org\/wp-content\/uploads\/2024\/05\/Ambulanze_a_servizio_Suem-da-ASP-Catanzaro-nov.2023_ede39_5f161.jpg\" alt=\"\" class=\"wp-image-46\" style=\"aspect-ratio:1;object-fit:cover\" srcset=\"https:\/\/www.assistenzatemplare.org\/wp-content\/uploads\/2024\/05\/Ambulanze_a_servizio_Suem-da-ASP-Catanzaro-nov.2023_ede39_5f161.jpg 1024w, https:\/\/www.assistenzatemplare.org\/wp-content\/uploads\/2024\/05\/Ambulanze_a_servizio_Suem-da-ASP-Catanzaro-nov.2023_ede39_5f161-300x189.jpg 300w, https:\/\/www.assistenzatemplare.org\/wp-content\/uploads\/2024\/05\/Ambulanze_a_servizio_Suem-da-ASP-Catanzaro-nov.2023_ede39_5f161-768x485.jpg 768w, https:\/\/www.assistenzatemplare.org\/wp-content\/uploads\/2024\/05\/Ambulanze_a_servizio_Suem-da-ASP-Catanzaro-nov.2023_ede39_5f161-95x60.jpg 95w\" sizes=\"(max-width: 706px) 89vw, (max-width: 767px) 82vw, 740px\" \/><\/figure>\n<\/div>\n\n\n\n<div class=\"wp-block-column is-layout-flow wp-block-column-is-layout-flow\" style=\"flex-basis:66.66%\">\n<h2 class=\"wp-block-heading\">Trasporto disabili e anziani<\/h2>\n\n\n\n<p>Il servizio di trasporto con ambulanze (o con pulmino) si rivolge a persone anziane, disabili e a persone con problemi di deambulazione che hanno necessit\u00e0 di spostarsi per accertamenti diagnostici, per esami medici, per dimissioni ospedaliere o il trasferimento ad altre strutture sanitarie e che hanno necessit\u00e0 di mezzi idonei al loro trasporto.<\/p>\n<\/div>\n<\/div>\n\n\n\n<hr class=\"wp-block-separator has-alpha-channel-opacity is-style-wide\"\/>\n\n\n\n<h2 class=\"wp-block-heading\">Altri servizi<\/h2>\n\n\n\n<div class=\"wp-block-columns is-layout-flex wp-container-core-columns-is-layout-3 wp-block-columns-is-layout-flex\">\n<div class=\"wp-block-column is-layout-flow wp-block-column-is-layout-flow\" style=\"flex-basis:33.33%\">\n<figure class=\"wp-block-image size-full\"><img loading=\"lazy\" decoding=\"async\" width=\"1024\" height=\"646\" src=\"http:\/\/www.assistenzatemplare.org\/wp-content\/uploads\/2024\/05\/Ambulanze_a_servizio_Suem-da-ASP-Catanzaro-nov.2023_ede39_5f161.jpg\" alt=\"\" class=\"wp-image-46\" style=\"aspect-ratio:1;object-fit:cover\" srcset=\"https:\/\/www.assistenzatemplare.org\/wp-content\/uploads\/2024\/05\/Ambulanze_a_servizio_Suem-da-ASP-Catanzaro-nov.2023_ede39_5f161.jpg 1024w, https:\/\/www.assistenzatemplare.org\/wp-content\/uploads\/2024\/05\/Ambulanze_a_servizio_Suem-da-ASP-Catanzaro-nov.2023_ede39_5f161-300x189.jpg 300w, https:\/\/www.assistenzatemplare.org\/wp-content\/uploads\/2024\/05\/Ambulanze_a_servizio_Suem-da-ASP-Catanzaro-nov.2023_ede39_5f161-768x485.jpg 768w, https:\/\/www.assistenzatemplare.org\/wp-content\/uploads\/2024\/05\/Ambulanze_a_servizio_Suem-da-ASP-Catanzaro-nov.2023_ede39_5f161-95x60.jpg 95w\" sizes=\"(max-width: 706px) 89vw, (max-width: 767px) 82vw, 740px\" \/><\/figure>\n<\/div>\n\n\n\n<div class=\"wp-block-column is-layout-flow wp-block-column-is-layout-flow\" style=\"flex-basis:66.66%\">\n<h2 class=\"wp-block-heading\">Protezione civile \/ Eventi<\/h2>\n\n\n\n<ul>\n<li><strong>Protezione Civile:<\/strong> la Croce Verde opera, in collaborazione con i dipartimenti di Protezione Civile, con un proprio Nucleo Sanitario<\/li>\n\n\n\n<li>Assistenza sanitaria per\u00a0eventi e per le <strong>manifestazioni sportive<\/strong>. <\/li>\n\n\n\n<li>Offriamo il servizio di <strong>assistenza e soccorso<\/strong> durante grandi eventi e manifestazioni, quali concerti, gare sportive, fiere.<\/li>\n<\/ul>\n<\/div>\n<\/div>\n\n\n\n<hr class=\"wp-block-separator has-alpha-channel-opacity is-style-default\"\/>\n\n\n\n<h2 class=\"wp-block-heading\">Mobilit\u00e0<\/h2>\n\n\n\n<p>Si affiancano alle attivit\u00e0 di soccorso, quelle di mobilit\u00e0 (accompagnamento di persone con limitazioni motorie), teleassistenza, di servizi al cittadino (es. consegne di pasti e farmaci o collaborazioni con altre realt\u00e0 del territorio).<\/p>\n\n\n\n<p>Ciascun volontario pu\u00f2 anche aderire al Nucleo Sanitario di Protezione Civile (NSPC), parte integrante della Colonna Mobile per le Maxi emergenze. <\/p>\n\n\n\n<p>Il NSPC svolge anche attivit\u00e0 di logistica e di assistenza sanitaria nei grandi eventi, grazie al PMA in dotazione.<\/p>\n","protected":false},"excerpt":{"rendered":"<p>Il Corpo di Pubblica Assistenza Templare Federiciano \u00e8 un Ente di Volontariato che opera nel campo sanitario e sociale e di Protezione Civile L&#8217;associazione \u00e8 da tempo protagonista nei comuni in cui svolge la propria attivit\u00e0, interpretando un importante ruolo di aggregazione, aiuto e sostegno per la cittadinanza e le istituzioni.L&#8217;assistenza socio &#8211; sanitaria volta &hellip; <\/p>\n<p class=\"link-more\"><a href=\"https:\/\/www.assistenzatemplare.org\/?page_id=15\" class=\"more-link\">Leggi tutto<span class=\"screen-reader-text\"> &#8220;Servizi&#8221;<\/span><\/a><\/p>\n","protected":false},"author":1,"featured_media":0,"parent":0,"menu_order":0,"comment_status":"closed","ping_status":"closed","template":"","meta":{"footnotes":""},"_links":{"self":[{"href":"https:\/\/www.assistenzatemplare.org\/index.php?rest_route=\/wp\/v2\/pages\/15"}],"collection":[{"href":"https:\/\/www.assistenzatemplare.org\/index.php?rest_route=\/wp\/v2\/pages"}],"about":[{"href":"https:\/\/www.assistenzatemplare.org\/index.php?rest_route=\/wp\/v2\/types\/page"}],"author":[{"embeddable":true,"href":"https:\/\/www.assistenzatemplare.org\/index.php?rest_route=\/wp\/v2\/users\/1"}],"replies":[{"embeddable":true,"href":"https:\/\/www.assistenzatemplare.org\/index.php?rest_route=%2Fwp%2Fv2%2Fcomments&post=15"}],"version-history":[{"count":11,"href":"https:\/\/www.assistenzatemplare.org\/index.php?rest_route=\/wp\/v2\/pages\/15\/revisions"}],"predecessor-version":[{"id":88,"href":"https:\/\/www.assistenzatemplare.org\/index.php?rest_route=\/wp\/v2\/pages\/15\/revisions\/88"}],"wp:attachment":[{"href":"https:\/\/www.assistenzatemplare.org\/index.php?rest_route=%2Fwp%2Fv2%2Fmedia&parent=15"}],"curies":[{"name":"wp","href":"https:\/\/api.w.org\/{rel}","templated":true}]}}